{"id":2953,"date":"2024-11-07T13:29:10","date_gmt":"2024-11-07T13:29:10","guid":{"rendered":"https:\/\/www.jespac.com\/?page_id=2953"},"modified":"2024-11-19T17:24:22","modified_gmt":"2024-11-19T17:24:22","slug":"clausulas-proteccion-datos","status":"publish","type":"page","link":"https:\/\/www.jespac.com\/es\/clausulas-proteccion-datos\/","title":{"rendered":"Clausulas protecci\u00f3n datos"},"content":{"rendered":"<p class=\"p1\"><b>Responsable: Identidad: Jespac, S.A. &#8211; NIF: A08828782<\/b>. Dir. postal: C\/ Alc\u00fadia 9-11 bajos, 08016 Barcelona. Tel\u00e9fono: 932539041. Correo elect: <a href=\"mailto:clients@jespac.com\"><span class=\"s1\">clients@jespac.com<\/span><\/a>.<\/p>\n<p class=\"p1\">Tratamos la informaci\u00f3n que nos facilita con la finalidad atender las solicitudes de informaci\u00f3n, sugerencia, queja o solicitud de tarjeta cliente. Los datos proporcionados se conservar\u00e1n mientras se mantenga la relaci\u00f3n comercial o durante los a\u00f1os necesarios para cumplir con las obligaciones legales. y atender las posibles responsabilidades que pudieran derivar del cumplimiento de la finalidad para la que los datos fueron recabados. Los datos no se ceder\u00e1n a terceros salvo en los casos en que exista una obligaci\u00f3n legal. Usted tiene derecho a obtener informaci\u00f3n sobre si en Jespac, S.A. estamos tratando sus datos personales, por lo que puede ejercer sus derechos de acceso, rectificaci\u00f3n, supresi\u00f3n y portabilidad de datos y oposici\u00f3n y limitaci\u00f3n a su tratamiento ante Jespac, S.A., C\/ Alc\u00fadia 9-11 bajos, 08016 Barcelona.<span class=\"Apple-converted-space\">\u00a0 <\/span>o en la direcci\u00f3n de correo electr\u00f3nico <a href=\"mailto:clients@jespac.com\"><span class=\"s1\">clients@jespac.com<\/span><\/a>, adjuntando copia de su DNI o documento equivalente.<span class=\"Apple-converted-space\">\u00a0 <\/span>Asimismo, y especialmente si considera que no ha obtenido satisfacci\u00f3n plena en el ejercicio de sus derechos, podr\u00e1 presentar una reclamaci\u00f3n ante la autoridad nacional de control dirigi\u00e9ndose a estos efectos a la Agencia Espa\u00f1ola de Protecci\u00f3n de Datos, C\/ Jorge Juan, 6 \u2013 28001 Madrid.<\/p>\n","protected":false},"excerpt":{"rendered":"<p>Responsable: Identidad: Jespac, S.A. &#8211; NIF: A08828782. Dir. postal: C\/ Alc\u00fadia 9-11 bajos, 08016 Barcelona. Tel\u00e9fono: 932539041. Correo elect: clients@jespac.com. Tratamos la informaci\u00f3n que nos facilita con la finalidad atender las solicitudes de informaci\u00f3n, sugerencia, queja o solicitud de tarjeta cliente. Los datos proporcionados se conservar\u00e1n mientras se mantenga la relaci\u00f3n comercial o durante los&#8230; <a href=\"https:\/\/www.jespac.com\/es\/clausulas-proteccion-datos\/\" class=\"excerpt-read-more\">Read More<\/a><\/p>\n","protected":false},"author":2,"featured_media":0,"parent":0,"menu_order":0,"comment_status":"closed","ping_status":"closed","template":"","meta":{"footnotes":""},"class_list":["post-2953","page","type-page","status-publish","hentry"],"_links":{"self":[{"href":"https:\/\/www.jespac.com\/es\/wp-json\/wp\/v2\/pages\/2953","targetHints":{"allow":["GET"]}}],"collection":[{"href":"https:\/\/www.jespac.com\/es\/wp-json\/wp\/v2\/pages"}],"about":[{"href":"https:\/\/www.jespac.com\/es\/wp-json\/wp\/v2\/types\/page"}],"author":[{"embeddable":true,"href":"https:\/\/www.jespac.com\/es\/wp-json\/wp\/v2\/users\/2"}],"replies":[{"embeddable":true,"href":"https:\/\/www.jespac.com\/es\/wp-json\/wp\/v2\/comments?post=2953"}],"version-history":[{"count":3,"href":"https:\/\/www.jespac.com\/es\/wp-json\/wp\/v2\/pages\/2953\/revisions"}],"predecessor-version":[{"id":2972,"href":"https:\/\/www.jespac.com\/es\/wp-json\/wp\/v2\/pages\/2953\/revisions\/2972"}],"wp:attachment":[{"href":"https:\/\/www.jespac.com\/es\/wp-json\/wp\/v2\/media?parent=2953"}],"curies":[{"name":"wp","href":"https:\/\/api.w.org\/{rel}","templated":true}]}}