{"id":866,"date":"2014-04-01T10:49:49","date_gmt":"2014-04-01T10:49:49","guid":{"rendered":"http:\/\/jespac.com\/avis-legal-2\/"},"modified":"2018-06-13T09:47:13","modified_gmt":"2018-06-13T09:47:13","slug":"aviso-legal","status":"publish","type":"page","link":"https:\/\/www.jespac.com\/es\/aviso-legal\/","title":{"rendered":"Aviso legal"},"content":{"rendered":"<h3>Aviso legal:<\/h3>\n<p><strong>1. CONDICIONES GENERALES DE USO DE LA WEB Y SU ACEPTACI\u00d3N<\/strong><\/p>\n<p>El presente aviso (en adelante, el \u00abAviso Legal\u00bb) regula el uso del servicio de acceso y utilizaci\u00f3n de la Web que Jespac, S.A. (en adelante, \u00abJespac\u00bb) pone a su disposici\u00f3n.<\/p>\n<p>&nbsp;<\/p>\n<p>Jespac, S.A., en tanto que responsable de la Web informa que tiene su domicilio social en C\/ Alc\u00fadia 9-11 bajos 08016 \u2013 Barcelona, con NIF n\u00famero A08828782 e inscrita en el Registro Mercantil de Barcelona, Tomo 23104, Folio 203, Hoja n\u00famero B-49.11, Inscripci\u00f3n 4\u00aa.<\/p>\n<p>&nbsp;<\/p>\n<p>La utilizaci\u00f3n de la Web atribuye la condici\u00f3n de usuario de la Web (en adelante, el \u00abUsuario\u00bb) e implica la aceptaci\u00f3n plena y sin reservas de todas y cada una de las disposiciones incluidas en este Aviso Legal en la versi\u00f3n publicada por Jespac en el momento mismo en que el Usuario acceda a la Web. Jespac se reserva el derecho a modificar unilateralmente, en cualquier momento y sin previo aviso, la presentaci\u00f3n y configuraci\u00f3n de los contenidos y los servicios de la Web, as\u00ed como las condiciones requeridas para su utilizaci\u00f3n cuando ello sea conveniente para su mejor prestaci\u00f3n.<\/p>\n<p>El contenido de la presente Web est\u00e1 protegido por las leyes de propiedad intelectual.<\/p>\n<p>Dichos contenidos deber\u00e1n ser usados de forma correcta y licita por el usuario y, en particular queda obligado a utilizar dichos contenidos de forma diligente, correcta y l\u00edcita.<\/p>\n<p>No podr\u00e1n usarse los contenidos de forma contraria a la ley, a la moral o a las buenas costumbres aceptadas en orden p\u00fablico.<\/p>\n<p>Est\u00e1 prohibida la transmisi\u00f3n de cualquier tipo de datos que usted pueda realizar a esta Web, o a otros pertenecientes a terceras empresas cuyos links podr\u00e1 encontrar dentro de esta Web, que atente contra los derechos de propiedad de terceros, sean obscenos, pornogr\u00e1ficos, difamatorios, de car\u00e1cter amenazador o material que pueda ser considerado delito o falta en virtud del vigente C\u00f3digo Penal.<\/p>\n<p>Queda prohibida la reproducci\u00f3n, copia, distribuci\u00f3n, transformaci\u00f3n o modificaci\u00f3n de contenidos (textos, im\u00e1genes, voces o estructura) a menos que se cuente con la autorizaci\u00f3n expresa y por escrito del titular de los derechos adquiridos.<\/p>\n<p><strong>2. OBJETO<\/strong><br \/>\nA trav\u00e9s de la Web, Jespac\u00a0da a conocer a los Usuarios tanto la empresa como sus actividades y servicios.<\/p>\n<p><strong>3. CONDICIONES DE ACCESO Y UTILIZACI\u00d3N DEL WEB<\/strong><\/p>\n<p><strong>3.1. Car\u00e1cter gratuito del acceso y utilizaci\u00f3n de la Web<\/strong><br \/>\nLa utilizaci\u00f3n de la Web tiene car\u00e1cter gratuito para los usuarios.<\/p>\n<p><strong>3.2. Veracidad de la informaci\u00f3n<\/strong><\/p>\n<p>Toda la informaci\u00f3n que facilite el usuario a trav\u00e9s de la Web deber\u00e1 ser veraz. A estos efectos, el usuario garantiza la autenticidad de todos aquellos datos que comunique como consecuencia de la cumplimentaci\u00f3n de los formularios de recogida de datos. De igual forma, se deber\u00e1 mantener la informaci\u00f3n facilitada a Jespac actualizada. En todo caso el usuario ser\u00e1 el \u00fanico responsable de las manifestaciones falsas o inexactas que realice y de los perjuicios que cause a Jespac o a terceros por la informaci\u00f3n que facilite.<\/p>\n<p><strong>3.3. Obligaci\u00f3n de hacer un uso correcto de la Web<\/strong><\/p>\n<p>El usuario se compromete a utilizar la Web de conformidad con la ley, el presente Aviso Legal, y dem\u00e1s avisos, reglamentos de uso e instrucciones puestos en su conocimiento, as\u00ed como con la moral y las buenas costumbres generalmente aceptadas y el orden p\u00fablico.<\/p>\n<p>A tal efecto, el usuario se abstendr\u00e1 de utilizar la Web con fines o efectos il\u00edcitos, prohibidos en el presente Aviso Legal, lesivos de los derechos e intereses de terceros, o que de cualquier forma puedan da\u00f1ar, inutilizar, sobrecargar, deteriorar o impedir la normal utilizaci\u00f3n de la Web los equipos inform\u00e1ticos o los documentos, archivos y toda clase de contenidos almacenados en cualquier equipo inform\u00e1tico de Jespac, o de cualquier usuario de Internet (hardware y software).<\/p>\n<p>Jespac se reserva el derecho a denegar o retirar el acceso a la Web, en cualquier momento y sin necesidad de preaviso, a aquellos usuarios que incumplan las presentes Condiciones Generales.<\/p>\n<p><strong>4. COPYRIGHT I MARCAS REGISTRADAS<\/strong><\/p>\n<p>Todas las marcas, nombres comerciales o signos distintivos de cualquier clase que aparecen en la Web son propiedad de Jespac o de terceros, sin que pueda entenderse que el uso o acceso a la Web y\/o a los servicios atribuya al usuario derecho alguno sobre las citadas marcas, nombres comerciales y\/o signos distintivos.<\/p>\n<p>Asimismo, los Contenidos son propiedad intelectual de Jespac o de terceros, sin que puedan entenderse cedidos al usuario, en virtud de lo establecido en este Aviso Legal, ninguno de los derechos de explotaci\u00f3n que existen o puedan existir sobre dichos Contenidos van m\u00e1s all\u00e1 de lo estrictamente necesario para el correcto uso de la Web.<\/p>\n<p><strong>5. RESPONSABILIDADES POR DA\u00d1OS<\/strong><\/p>\n<p>El usuario de la Web o de cualquiera de las p\u00e1ginas Web de terceras empresas, incluidas en el website o con un acceso mediante un link desde el mismo, ser\u00e1 responsable de los Da\u00f1os y Perjuicios que Jespac pueda sufrir directa o indirectamente, como consecuencia del incumplimiento de cualquiera de las obligaciones derivadas establecidas en el presente Aviso Legal.<\/p>\n<p><strong>6. LIMITE DE RESPONSABILIDAD<\/strong><\/p>\n<p><strong>6.1. Exclusi\u00f3n de garant\u00edas y de responsabilidad por el funcionamiento del Web<\/strong><\/p>\n<p>Jespac no garantiza la disponibilidad del funcionamiento de los servicios de la Web.<\/p>\n<p>Cuando ello sea razonablemente posible, Jespac advertir\u00e1 previamente las interrupciones en el funcionamiento de la Web Jespac tampoco garantiza la unidad de los Servicios para la realizaci\u00f3n de ninguna actividad en particular, ni su inhabilidad, y en particular, aunque no de modo exclusivo, que los usuarios puedan efectivamente utilizar los Servicios y acceder a las distintas p\u00e1ginas Web desde las que se presten los Servicios.<\/p>\n<p><strong>6.2. Privacidad y seguridad en la utilizaci\u00f3n de la Web<\/strong><\/p>\n<p>Jespac no garantiza la privacidad y la seguridad de la utilizaci\u00f3n de la Web, no puede garantizar la invulnerabilidad absoluta de sus sistemas de seguridad.<\/p>\n<p><strong>6.3. Exclusi\u00f3n de garant\u00edas y de responsabilidad por los Contenidos<\/strong><\/p>\n<p>Jespac no controla ni garantiza la ausencia de virus ni de otros elementos en los Contenidos que puedan producir alteraciones en el sistema inform\u00e1tico del usuario (software y hardware) o en los documentos electr\u00f3nicos y ficheros almacenados en \u00e9ste.<\/p>\n<p>De igual forma, Jespac, elude toda responsabilidad en los supuestos de fallo en el rendimiento, error, omisi\u00f3n, interrupci\u00f3n, defecto de demora en la operaci\u00f3n de transmisi\u00f3n, fallo del sistema o l\u00ednea, as\u00ed como en el contenido, exactitud y opiniones expresadas y otras conexiones suministradas por estos medios.<\/p>\n<p>Jespac no garantiza la licitud, fiabilidad y utilidad de los Contenidos, ni tampoco garantiza la veracidad, exactitud, exhaustividad y actualidad de los Contenidos.<\/p>\n<p>Esta Web puede establecer enlaces a otras p\u00e1ginas Web que pertenecen a terceros sobre los que Jespac no tiene control alguno. En estos supuestos Jespac no asume responsabilidad alguna ni compromiso sobre la informaci\u00f3n contenida en estas p\u00e1ginas ni de los servicios o productos que en ellas se incluya u oferte.<\/p>\n<p><strong>6.4. Deber de colaboraci\u00f3n con las Autoridades Competentes\u00a0<\/strong><\/p>\n<p>En caso de que una autoridad judicial comunique a Jespac o \u00e9sta tenga conocimiento efectivo de la existencia de una informaci\u00f3n il\u00edcita contenida en la Web o que lesione bienes o derechos de un tercero susceptible de indemnizaci\u00f3n, Jespac colaborar\u00e1 con las organismos competentes para la identificaci\u00f3n de los personas responsables de haber publicado la informaci\u00f3n il\u00edcita, y en todo caso, proceder\u00e1 a retirar tal informaci\u00f3n o hacer imposible el acceso a la misma.<\/p>\n<p><strong>6.5. Exclusi\u00f3n de responsabilidad<\/strong><\/p>\n<p>Jespac excluye cualquier responsabilidad por los da\u00f1os y perjuicios de toda naturaleza que puedan deberse directa o indirectamente a hechos no garantizados en virtud de las anteriores cl\u00e1usulas 6.1, 6.2, 6.3. y 6.4.<\/p>\n<p><strong>7. POL\u00cdTICA DE PROTECCI\u00d3N DE DATOS<\/strong><\/p>\n<p>A trav\u00e9s del presente aviso, de Jespac, S.L., informa a los usuarios del website, sobre su pol\u00edtica de protecci\u00f3n de datos personales con la finalidad de que estos decidan de forma expresa, libre y voluntaria, si desean facilitar a Jespac los datos personales que le son solicitados en el website para la prestaci\u00f3n de sus servicios, suscripci\u00f3n a noticias.<\/p>\n<p><strong>Responsable: Identidad: Jespac, S.A. &#8211; NIF: A08828782<\/strong>. Dir. postal: C\/ Alc\u00fadia 9-11 bajos, 08016 Barcelona. Tel\u00e9fono: 932539041. Correo elect: <a href=\"mailto:clients@jespac.com\">clientes@jespac.com<\/a> .<\/p>\n<p>\u201cEn nombre de la empresa tratamos la informaci\u00f3n que nos facilita con la finalidad atender las solicitudes de informaci\u00f3n, sugerencia, queja o solicitud de tarjeta cliente. Los datos proporcionados se conservar\u00e1n mientras se mantenga la relaci\u00f3n comercial o durante los a\u00f1os necesarios para cumplir con las obligaciones legales. Los datos no se ceder\u00e1n a terceros salvo en los casos en que exista una obligaci\u00f3n legal. Usted tiene derecho a obtener confirmaci\u00f3n sobre si en Jespac estamos tratando sus datos personales por tanto tiene derecho a acceder a sus datos personales, rectificar los datos inexactos o solicitar su supresi\u00f3n cuando los datos ya no sean necesarios.<\/p>\n<p>&nbsp;<\/p>\n<p>Jespac advierte al Usuario de la utilizaci\u00f3n de cookies cuando el Usuario navega por la p\u00e1gina Web. <a href=\"https:\/\/www.jespac.com\/es\/politica-de-cookies\/\"><strong><u>Pol\u00edtica de cookies<\/u><\/strong><\/a><\/p>\n<p>&nbsp;<\/p>\n<p>Los datos que se solicitan son los adecuados, pertinentes y no excesivos en relaci\u00f3n con el \u00e1mbito, las finalidades y servicios determinados, expl\u00edcitos y leg\u00edtimos de Jespac.<\/p>\n<p>El usuario deber\u00e1 rellenar los formularios con datos verdaderos, exactos, completos y actualizados, respondiendo de los da\u00f1os y perjuicios que pudiera ocasionar a causa de la cumplimentaci\u00f3n defectuosa del formulario con datos falsos, inexactos, incompletos o no actualizados.<\/p>\n<p>&nbsp;<\/p>\n<p>Jespac ha instalado las medidas t\u00e9cnicas y organizativas necesarias para evitar la p\u00e9rdida, mal uso, alteraci\u00f3n, acceso no autorizado y dem\u00e1s riesgos posibles.<\/p>\n<p>Igualmente, Jespac se obliga a cumplir con la obligaci\u00f3n de secreto respecto de los datos contenidos en sus tratamientos seg\u00fan lo establecido en la legislaci\u00f3n de protecci\u00f3n de datos aplicable. En particular, Jespac informa que ha suscrito los pertinentes acuerdos de confidencialidad y protecci\u00f3n de datos con terceros que tienen acceso a datos personales responsabilidad de Jespac para la prestaci\u00f3n de un servicio a \u00e9sta.<\/p>\n<p><strong>8. DURACI\u00d3N<\/strong><\/p>\n<p>Jespac podr\u00e1 interrumpir el servicio de la Web no obstante, est\u00e1 autorizada a dar por terminada o suspender la prestaci\u00f3n de los Servicios en cualquier momento. Cuando ello sea razonablemente posible, Jespac advertir\u00e1 previamente la terminaci\u00f3n o suspensi\u00f3n de la prestaci\u00f3n de los servicios de la Web.<\/p>\n<p><strong>9. JURISDICCI\u00d3N<\/strong><\/p>\n<p>Las partes, con expresa renuncia de su propio fuero, aceptan como legislaci\u00f3n rectora del presente contrato, la espa\u00f1ola, y se someten para la resoluci\u00f3n de cuantos litigios pudieran derivarse del mismo a los Juzgados y Tribunales de Barcelona.<\/p>\n<p><strong>10. LEGISLACI\u00d3N<\/strong><\/p>\n<p>Las presentes Condiciones Generales se rigen por las leyes espa\u00f1olas.<\/p>\n","protected":false},"excerpt":{"rendered":"<p>Aviso legal: 1. CONDICIONES GENERALES DE USO DE LA WEB Y SU ACEPTACI\u00d3N El presente aviso (en adelante, el \u00abAviso Legal\u00bb) regula el uso del servicio de acceso y utilizaci\u00f3n de la Web que Jespac, S.A. (en adelante, \u00abJespac\u00bb) pone a su disposici\u00f3n. &nbsp; Jespac, S.A., en tanto que responsable de la Web informa que&#8230; <a href=\"https:\/\/www.jespac.com\/es\/aviso-legal\/\" class=\"excerpt-read-more\">Read More<\/a><\/p>\n","protected":false},"author":4,"featured_media":0,"parent":0,"menu_order":0,"comment_status":"closed","ping_status":"closed","template":"","meta":{"footnotes":""},"class_list":["post-866","page","type-page","status-publish","hentry"],"_links":{"self":[{"href":"https:\/\/www.jespac.com\/es\/wp-json\/wp\/v2\/pages\/866","targetHints":{"allow":["GET"]}}],"collection":[{"href":"https:\/\/www.jespac.com\/es\/wp-json\/wp\/v2\/pages"}],"about":[{"href":"https:\/\/www.jespac.com\/es\/wp-json\/wp\/v2\/types\/page"}],"author":[{"embeddable":true,"href":"https:\/\/www.jespac.com\/es\/wp-json\/wp\/v2\/users\/4"}],"replies":[{"embeddable":true,"href":"https:\/\/www.jespac.com\/es\/wp-json\/wp\/v2\/comments?post=866"}],"version-history":[{"count":5,"href":"https:\/\/www.jespac.com\/es\/wp-json\/wp\/v2\/pages\/866\/revisions"}],"predecessor-version":[{"id":1618,"href":"https:\/\/www.jespac.com\/es\/wp-json\/wp\/v2\/pages\/866\/revisions\/1618"}],"wp:attachment":[{"href":"https:\/\/www.jespac.com\/es\/wp-json\/wp\/v2\/media?parent=866"}],"curies":[{"name":"wp","href":"https:\/\/api.w.org\/{rel}","templated":true}]}}